{"id":283490,"date":"2025-10-21T16:41:20","date_gmt":"2025-10-21T08:41:20","guid":{"rendered":"https:\/\/www.pfu-asia.ricoh.com\/vn\/?page_id=283490"},"modified":"2026-03-27T12:05:55","modified_gmt":"2026-03-27T04:05:55","slug":"grey-market-caution","status":"publish","type":"page","link":"https:\/\/www.pfu-asia.ricoh.com\/vn\/grey-market-caution\/","title":{"rendered":"Grey Market Caution"},"content":{"rendered":"<p>[et_pb_section fb_built=&#8221;1&#8243; _builder_version=&#8221;4.27.4&#8243; _module_preset=&#8221;default&#8221; background_image=&#8221;https:\/\/www.pfu-asia.ricoh.com\/vn\/wp-content\/uploads\/2025\/10\/grey_market_hero-lg.jpg&#8221; parallax=&#8221;on&#8221; global_colors_info=&#8221;{}&#8221;][et_pb_row column_structure=&#8221;3_5,2_5&#8243; _builder_version=&#8221;4.27.4&#8243; _module_preset=&#8221;default&#8221; background_color=&#8221;RGBA(255,255,255,0)&#8221; custom_padding=&#8221;80px||80px||true|false&#8221; global_colors_info=&#8221;{}&#8221;][et_pb_column type=&#8221;3_5&#8243; _builder_version=&#8221;4.27.4&#8243; _module_preset=&#8221;default&#8221; global_colors_info=&#8221;{}&#8221;][et_pb_slider _builder_version=&#8221;4.27.4&#8243; _module_preset=&#8221;default&#8221; custom_padding=&#8221;50px||50px||true|false&#8221; global_colors_info=&#8221;{}&#8221;][et_pb_slide heading=&#8221;C\u1ea3nh b\u00e1o v\u1ec1 h\u00e0ng nh\u1eadp kh\u1ea9u phi ch\u00ednh th\u1ee9c&#8221; _builder_version=&#8221;4.27.4&#8243; _module_preset=&#8221;default&#8221; header_level=&#8221;h1&#8243; header_font=&#8221;|600|||||||&#8221; header_text_align=&#8221;left&#8221; header_text_color=&#8221;#ffffff&#8221; header_line_height=&#8221;1.3em&#8221; body_text_align=&#8221;left&#8221; body_text_color=&#8221;#ffffff&#8221; body_font_size=&#8221;20px&#8221; background_color=&#8221;RGBA(255,255,255,0)&#8221; background_enable_color=&#8221;on&#8221; custom_button=&#8221;on&#8221; button_text_size=&#8221;20px&#8221; button_border_width=&#8221;0px&#8221; button_border_radius=&#8221;10px&#8221; button_use_icon=&#8221;off&#8221; button_alignment=&#8221;left&#8221; global_colors_info=&#8221;{}&#8221; button_bg_color__hover_enabled=&#8221;on|hover&#8221; button_bg_color__hover=&#8221;#357AA2&#8243; button_bg_enable_color__hover=&#8221;on&#8221; button_border_width__hover_enabled=&#8221;on|desktop&#8221; button_border_width__hover=&#8221;0px&#8221; sticky_transition=&#8221;on&#8221;][\/et_pb_slide][\/et_pb_slider][\/et_pb_column][et_pb_column type=&#8221;2_5&#8243; _builder_version=&#8221;4.20.1&#8243; _module_preset=&#8221;default&#8221; global_colors_info=&#8221;{}&#8221;][\/et_pb_column][\/et_pb_row][\/et_pb_section][et_pb_section fb_built=&#8221;1&#8243; module_id=&#8221;contact&#8221; _builder_version=&#8221;4.20.2&#8243; custom_padding=&#8221;||||false|false&#8221; global_colors_info=&#8221;{}&#8221;][et_pb_row _builder_version=&#8221;4.16&#8243; _module_preset=&#8221;default&#8221; global_colors_info=&#8221;{}&#8221;][et_pb_column type=&#8221;4_4&#8243; _builder_version=&#8221;4.16&#8243; _module_preset=&#8221;default&#8221; global_colors_info=&#8221;{}&#8221;][et_pb_text ol_item_indent=&#8221;15px&#8221; _builder_version=&#8221;4.27.4&#8243; _module_preset=&#8221;default&#8221; global_colors_info=&#8221;{}&#8221;]<\/p>\n<p>Ch\u00fang t\u00f4i, PFU Asia Pacific Pte Ltd (\u201cPAPL\u201d), c\u00f4ng ty con c\u1ee7a C\u00f4ng ty TNHH Ricoh, \u00a0c\u00f3 tr\u1ee5 s\u1edf kinh doanh t\u1ea1i s\u1ed1 8 Kim Chuan Drive #03-02 T\u00f2a nh\u00e0 SIIX Singapore 537083, l\u00e0 c\u00f4ng ty d\u1eabn \u0111\u1ea7u th\u1ecb tr\u01b0\u1eddng to\u00e0n c\u1ea7u trong l\u0129nh v\u1ef1c cung c\u1ea5p c\u00e1c gi\u1ea3i ph\u00e1p m\u00e1y qu\u00e9t t\u00e0i li\u1ec7u. V\u1edbi cam k\u1ebft cung c\u1ea5p <strong>s\u1ea3n ph\u1ea9m ch\u1ea5t l\u01b0\u1ee3ng cao, hi\u1ec7u su\u1ea5t v\u01b0\u1ee3t tr\u1ed9i v\u00e0 \u0111\u1ed9 tin c\u1eady t\u1ed1i \u0111a<\/strong>, PAPL kh\u00f4ng ng\u1eebng n\u1ed7 l\u1ef1c \u0111\u1ec3 mang \u0111\u1ebfn cho kh\u00e1ch h\u00e0ng tr\u1ea3i nghi\u1ec7m t\u1ed1t nh\u1ea5t.<\/p>\n<p>PAPL \u0111\u1eb7c bi\u1ec7t ch\u00fa tr\u1ecdng \u0111\u1ebfn n\u0103ng l\u1ef1c v\u00e0 kinh nghi\u1ec7m c\u1ee7a c\u00e1c nh\u00e0 ph\u00e2n ph\u1ed1i \u0111\u01b0\u1ee3c \u1ee7y quy\u1ec1n. C\u00e1c \u0111\u1ed1i t\u00e1c n\u00e0y \u0111\u01b0\u1ee3c \u0111\u00e0o t\u1ea1o chuy\u00ean s\u00e2u v\u00e0 chuy\u1ec3n giao k\u1ef9 thu\u1eadt tr\u1ef1c ti\u1ebfp t\u1eeb PAPL, nh\u1eb1m \u0111\u1ea3m b\u1ea3o kh\u1ea3 n\u0103ng cung c\u1ea5p s\u1ea3n ph\u1ea9m, linh ki\u1ec7n \u2013 ph\u1ee5 ki\u1ec7n, d\u1ecbch v\u1ee5 b\u1ea3o h\u00e0nh, h\u1ed7 tr\u1ee3 k\u1ef9 thu\u1eadt v\u00e0 d\u1ecbch v\u1ee5 sau b\u00e1n h\u00e0ng theo ti\u00eau chu\u1ea9n to\u00e0n c\u1ea7u c\u1ee7a ch\u00fang t\u00f4i.<\/p>\n<p>\u0110\u1ec3 \u0111\u1ea3m b\u1ea3o c\u00e1c s\u1ea3n ph\u1ea9m \u0111\u01b0\u1ee3c mua l\u00e0 s\u1ea3n ph\u1ea9m ch\u00ednh h\u00e3ng, <strong>\u0111\u01b0\u1ee3c c\u1ea5p Gi\u1ea5y ch\u1ee9ng nh\u1eadn xu\u1ea5t x\u1ee9 (CO), gi\u1ea5y ch\u1ee9ng nh\u1eadn ch\u1ea5t l\u01b0\u1ee3ng s\u1ea3n ph\u1ea9m (CQ) v\u00e0 b\u1ea3o h\u00e0nh ch\u00ednh h\u00e3ng, <\/strong>kh\u00e1ch h\u00e0ng n\u00ean ch\u1ec9 mua s\u1ea3n ph\u1ea9m t\u1eeb c\u00e1c Nh\u00e0 ph\u00e2n ph\u1ed1i \u0111\u01b0\u1ee3c PAPL \u1ee7y quy\u1ec1n ho\u1eb7c c\u00e1c \u0111\u1ed1i t\u00e1c \u0111\u00e3 \u0111\u01b0\u1ee3c PAPL ph\u00ea duy\u1ec7t theo danh s\u00e1ch d\u01b0\u1edbi \u0111\u00e2y:<\/p>\n<p>&#8211; C\u00e1c nh\u00e0 ph\u00e2n ph\u1ed1i \u0111\u01b0\u1ee3c \u1ee7y quy\u1ec1n t\u1ea1i th\u1ecb tr\u01b0\u1eddng Vi\u1ec7t Nam bao g\u1ed3m:<\/p>\n<ol>\n<li><a href=\"https:\/\/www.pfu-asia.ricoh.com\/vn\/where-to-buy\/\">C\u00f4ng ty \u0111\u1ea7u t\u01b0 v\u00e0 ph\u00e1t tri\u1ec3n c\u00f4ng ngh\u1ec7 ADG<\/a>. \u0110\u1ecba ch\u1ec9: 42+44 Ng\u1ee5y Nh\u01b0 Kon Tum, ph\u01b0\u1eddng Thanh Xu\u00e2n, H\u00e0 N\u1ed9i, Vi\u1ec7t Nam<\/li>\n<li><a href=\"https:\/\/www.pfu-asia.ricoh.com\/vn\/where-to-buy\/\">C\u00f4ng ty c\u1ed5 ph\u1ea7n c\u00f4ng ngh\u1ec7 Elite<\/a>. \u0110\u1ecba ch\u1ec9: 289\/1 Ung V\u0103n Khi\u00eam, Ph\u01b0\u1eddng Th\u1ea1nh M\u1ef9 T\u00e2y, th\u00e0nh ph\u1ed1 H\u1ed3 Ch\u00ed Minh, Vi\u1ec7t Nam<\/li>\n<\/ol>\n<p>&#8211; Nh\u00e0 cung c\u1ea5p d\u1ecbch v\u1ee5 b\u1ea3o h\u00e0nh, h\u1ed7 tr\u1ee3 k\u1ef9 thu\u1eadt \u0111\u01b0\u1ee3c \u1ee7y quy\u1ec1n t\u1ea1i th\u1ecb tr\u01b0\u1eddng Vi\u1ec7t Nam:<\/p>\n<ol>\n<li><a href=\"https:\/\/tscservices.vn\/\">C\u00f4ng ty c\u1ed5 ph\u1ea7n d\u1ecbch v\u1ee5 c\u00f4ng ngh\u1ec7 TSC Vi\u1ec7t Nam<\/a>. \u0110\u1ecba ch\u1ec9: 199 Xu\u00e2n Th\u1ee7y, T\u1ed5 19, Ph\u01b0\u1eddng Ngh\u0129a \u0110\u00f4, H\u00e0 N\u1ed9i, Vi\u1ec7t Nam<\/li>\n<\/ol>\n<p>\u0110\u1ec3 bi\u1ebft th\u00f4ng tin v\u1ec1 c\u00e1c \u0111\u1ed1i t\u00e1c u\u1ef7 quy\u1ec1n, xin vui l\u00f2ng <a href=\"mailto:sales.vn@pfu-asia.ricoh.com\">li\u00ean h\u1ec7<\/a> v\u1edbi ch\u00fang t\u00f4i.<\/p>\n<p>Xin l\u01b0u \u00fd r\u1eb1ng m\u00e1y qu\u00e9t nh\u1eadp kh\u1ea9u qua c\u00e1c k\u00eanh kh\u00f4ng ch\u00ednh th\u1ee9c (nh\u1eadp kh\u1ea9u kh\u00f4ng ch\u00ednh h\u00e3ng) v\u00e0o Vi\u1ec7t Nam kh\u00f4ng \u0111\u01b0\u1ee3c b\u1ea3o h\u00e0nh PAPL ho\u1eb7c h\u1ed7 tr\u1ee3 k\u1ef9 thu\u1eadt ch\u00ednh th\u1ee9c. <a href=\"https:\/\/www.pfu-asia.ricoh.com\/vn\/wp-content\/uploads\/2026\/03\/Notice-Regarding-Products-Not-Covered-Under-Warranty_27032026.pdf\" target=\"_blank\" rel=\"noopener\">Danh s\u00e1ch<\/a> m\u00e1y qu\u00e9t Ricoh hi\u1ec7n \u0111\u01b0\u1ee3c x\u00e1c \u0111\u1ecbnh l\u00e0 h\u00e0ng nh\u1eadp kh\u1ea9u kh\u00f4ng ch\u00ednh h\u00e3ng \u0111\u01b0\u1ee3c \u0111\u00ednh k\u00e8m. N\u1ebfu m\u00e1y qu\u00e9t c\u1ee7a b\u1ea1n tr\u00f9ng v\u1edbi b\u1ea5t k\u1ef3 m\u00e3 s\u1ed1 n\u00e0o trong s\u1ed1 n\u00e0y, m\u00e1y s\u1ebd kh\u00f4ng \u0111\u01b0\u1ee3c b\u1ea3o h\u00e0nh ch\u00ednh h\u00e3ng c\u0169ng nh\u01b0 h\u1ed7 tr\u1ee3 k\u1ef9 thu\u1eadt theo ti\u00eau chu\u1ea9n Ricoh.<\/p>\n<p>[\/et_pb_text][\/et_pb_column][\/et_pb_row][\/et_pb_section]<\/p>\n","protected":false},"excerpt":{"rendered":"<p>Ch\u00fang t\u00f4i, PFU Asia Pacific Pte Ltd (\u201cPAPL\u201d), c\u00f4ng ty con c\u1ee7a C\u00f4ng ty TNHH Ricoh, \u00a0c\u00f3 tr\u1ee5 s\u1edf kinh doanh t\u1ea1i s\u1ed1 8 Kim Chuan Drive #03-02 T\u00f2a nh\u00e0 SIIX Singapore 537083, l\u00e0 c\u00f4ng ty d\u1eabn \u0111\u1ea7u th\u1ecb tr\u01b0\u1eddng to\u00e0n c\u1ea7u trong l\u0129nh v\u1ef1c cung c\u1ea5p c\u00e1c gi\u1ea3i ph\u00e1p m\u00e1y qu\u00e9t t\u00e0i li\u1ec7u. V\u1edbi [&hellip;]<\/p>\n","protected":false},"author":6,"featured_media":282383,"parent":0,"menu_order":0,"comment_status":"closed","ping_status":"closed","template":"","meta":{"_et_pb_use_builder":"on","_et_pb_old_content":"","_et_gb_content_width":"","footnotes":"","_links_to":"","_links_to_target":""},"difl_page_category":[],"class_list":["post-283490","page","type-page","status-publish","has-post-thumbnail","hentry"],"yoast_head":"<!-- This site is optimized with the Yoast SEO plugin v27.4 - https:\/\/yoast.com\/product\/yoast-seo-wordpress\/ -->\n<title>Grey Market Caution - RICOH Image Scanner<\/title>\n<meta name=\"robots\" content=\"index, follow, max-snippet:-1, max-image-preview:large, max-video-preview:-1\" \/>\n<link rel=\"canonical\" href=\"https:\/\/www.pfu-asia.ricoh.com\/vn\/en\/grey-market-caution\/\" \/>\n<meta property=\"og:locale\" content=\"vi_VN\" \/>\n<meta property=\"og:type\" content=\"article\" \/>\n<meta property=\"og:title\" content=\"Grey Market Caution - RICOH Image Scanner\" \/>\n<meta property=\"og:description\" content=\"Ch\u00fang t\u00f4i, PFU Asia Pacific Pte Ltd (\u201cPAPL\u201d), c\u00f4ng ty con c\u1ee7a C\u00f4ng ty TNHH Ricoh, \u00a0c\u00f3 tr\u1ee5 s\u1edf kinh doanh t\u1ea1i s\u1ed1 8 Kim Chuan Drive #03-02 T\u00f2a nh\u00e0 SIIX Singapore 537083, l\u00e0 c\u00f4ng ty d\u1eabn \u0111\u1ea7u th\u1ecb tr\u01b0\u1eddng to\u00e0n c\u1ea7u trong l\u0129nh v\u1ef1c cung c\u1ea5p c\u00e1c gi\u1ea3i ph\u00e1p m\u00e1y qu\u00e9t t\u00e0i li\u1ec7u. V\u1edbi [&hellip;]\" \/>\n<meta property=\"og:url\" content=\"https:\/\/www.pfu-asia.ricoh.com\/vn\/en\/grey-market-caution\/\" \/>\n<meta property=\"og:site_name\" content=\"RICOH Image Scanner\" \/>\n<meta property=\"article:modified_time\" content=\"2026-03-27T04:05:55+00:00\" \/>\n<meta property=\"og:image\" content=\"https:\/\/www.pfu-asia.ricoh.com\/vn\/wp-content\/uploads\/2023\/06\/Ricoh-Feat-image-2-1.jpg\" \/>\n\t<meta property=\"og:image:width\" content=\"1200\" \/>\n\t<meta property=\"og:image:height\" content=\"800\" \/>\n\t<meta property=\"og:image:type\" content=\"image\/jpeg\" \/>\n<meta name=\"twitter:card\" content=\"summary_large_image\" \/>\n<meta name=\"twitter:label1\" content=\"Est. reading time\" \/>\n\t<meta name=\"twitter:data1\" content=\"2 minutes\" \/>\n<script type=\"application\/ld+json\" class=\"yoast-schema-graph\">{\"@context\":\"https:\\\/\\\/schema.org\",\"@graph\":[{\"@type\":\"WebPage\",\"@id\":\"https:\\\/\\\/www.pfu-asia.ricoh.com\\\/vn\\\/en\\\/grey-market-caution\\\/\",\"url\":\"https:\\\/\\\/www.pfu-asia.ricoh.com\\\/vn\\\/en\\\/grey-market-caution\\\/\",\"name\":\"Grey Market Caution - RICOH Image Scanner\",\"isPartOf\":{\"@id\":\"https:\\\/\\\/www.pfu-asia.ricoh.com\\\/vn\\\/#website\"},\"primaryImageOfPage\":{\"@id\":\"https:\\\/\\\/www.pfu-asia.ricoh.com\\\/vn\\\/en\\\/grey-market-caution\\\/#primaryimage\"},\"image\":{\"@id\":\"https:\\\/\\\/www.pfu-asia.ricoh.com\\\/vn\\\/en\\\/grey-market-caution\\\/#primaryimage\"},\"thumbnailUrl\":\"https:\\\/\\\/www.pfu-asia.ricoh.com\\\/vn\\\/wp-content\\\/uploads\\\/2023\\\/06\\\/Ricoh-Feat-image-2-1.jpg\",\"datePublished\":\"2025-10-21T08:41:20+00:00\",\"dateModified\":\"2026-03-27T04:05:55+00:00\",\"breadcrumb\":{\"@id\":\"https:\\\/\\\/www.pfu-asia.ricoh.com\\\/vn\\\/en\\\/grey-market-caution\\\/#breadcrumb\"},\"inLanguage\":\"vi-VN\",\"potentialAction\":[{\"@type\":\"ReadAction\",\"target\":[\"https:\\\/\\\/www.pfu-asia.ricoh.com\\\/vn\\\/en\\\/grey-market-caution\\\/\"]}]},{\"@type\":\"ImageObject\",\"inLanguage\":\"vi-VN\",\"@id\":\"https:\\\/\\\/www.pfu-asia.ricoh.com\\\/vn\\\/en\\\/grey-market-caution\\\/#primaryimage\",\"url\":\"https:\\\/\\\/www.pfu-asia.ricoh.com\\\/vn\\\/wp-content\\\/uploads\\\/2023\\\/06\\\/Ricoh-Feat-image-2-1.jpg\",\"contentUrl\":\"https:\\\/\\\/www.pfu-asia.ricoh.com\\\/vn\\\/wp-content\\\/uploads\\\/2023\\\/06\\\/Ricoh-Feat-image-2-1.jpg\",\"width\":1200,\"height\":800},{\"@type\":\"BreadcrumbList\",\"@id\":\"https:\\\/\\\/www.pfu-asia.ricoh.com\\\/vn\\\/en\\\/grey-market-caution\\\/#breadcrumb\",\"itemListElement\":[{\"@type\":\"ListItem\",\"position\":1,\"name\":\"Home\",\"item\":\"https:\\\/\\\/www.pfu-asia.ricoh.com\\\/vn\\\/\"},{\"@type\":\"ListItem\",\"position\":2,\"name\":\"Grey Market Caution\"}]},{\"@type\":\"WebSite\",\"@id\":\"https:\\\/\\\/www.pfu-asia.ricoh.com\\\/vn\\\/#website\",\"url\":\"https:\\\/\\\/www.pfu-asia.ricoh.com\\\/vn\\\/\",\"name\":\"RICOH Image Scanner\",\"description\":\"Vietnam Site\",\"potentialAction\":[{\"@type\":\"SearchAction\",\"target\":{\"@type\":\"EntryPoint\",\"urlTemplate\":\"https:\\\/\\\/www.pfu-asia.ricoh.com\\\/vn\\\/?s={search_term_string}\"},\"query-input\":{\"@type\":\"PropertyValueSpecification\",\"valueRequired\":true,\"valueName\":\"search_term_string\"}}],\"inLanguage\":\"vi-VN\"}]}<\/script>\n<!-- \/ Yoast SEO plugin. -->","yoast_head_json":{"title":"Grey Market Caution - RICOH Image Scanner","robots":{"index":"index","follow":"follow","max-snippet":"max-snippet:-1","max-image-preview":"max-image-preview:large","max-video-preview":"max-video-preview:-1"},"canonical":"https:\/\/www.pfu-asia.ricoh.com\/vn\/en\/grey-market-caution\/","og_locale":"vi_VN","og_type":"article","og_title":"Grey Market Caution - RICOH Image Scanner","og_description":"Ch\u00fang t\u00f4i, PFU Asia Pacific Pte Ltd (\u201cPAPL\u201d), c\u00f4ng ty con c\u1ee7a C\u00f4ng ty TNHH Ricoh, \u00a0c\u00f3 tr\u1ee5 s\u1edf kinh doanh t\u1ea1i s\u1ed1 8 Kim Chuan Drive #03-02 T\u00f2a nh\u00e0 SIIX Singapore 537083, l\u00e0 c\u00f4ng ty d\u1eabn \u0111\u1ea7u th\u1ecb tr\u01b0\u1eddng to\u00e0n c\u1ea7u trong l\u0129nh v\u1ef1c cung c\u1ea5p c\u00e1c gi\u1ea3i ph\u00e1p m\u00e1y qu\u00e9t t\u00e0i li\u1ec7u. V\u1edbi [&hellip;]","og_url":"https:\/\/www.pfu-asia.ricoh.com\/vn\/en\/grey-market-caution\/","og_site_name":"RICOH Image Scanner","article_modified_time":"2026-03-27T04:05:55+00:00","og_image":[{"width":1200,"height":800,"url":"https:\/\/www.pfu-asia.ricoh.com\/vn\/wp-content\/uploads\/2023\/06\/Ricoh-Feat-image-2-1.jpg","type":"image\/jpeg"}],"twitter_card":"summary_large_image","twitter_misc":{"Est. reading time":"2 minutes"},"schema":{"@context":"https:\/\/schema.org","@graph":[{"@type":"WebPage","@id":"https:\/\/www.pfu-asia.ricoh.com\/vn\/en\/grey-market-caution\/","url":"https:\/\/www.pfu-asia.ricoh.com\/vn\/en\/grey-market-caution\/","name":"Grey Market Caution - RICOH Image Scanner","isPartOf":{"@id":"https:\/\/www.pfu-asia.ricoh.com\/vn\/#website"},"primaryImageOfPage":{"@id":"https:\/\/www.pfu-asia.ricoh.com\/vn\/en\/grey-market-caution\/#primaryimage"},"image":{"@id":"https:\/\/www.pfu-asia.ricoh.com\/vn\/en\/grey-market-caution\/#primaryimage"},"thumbnailUrl":"https:\/\/www.pfu-asia.ricoh.com\/vn\/wp-content\/uploads\/2023\/06\/Ricoh-Feat-image-2-1.jpg","datePublished":"2025-10-21T08:41:20+00:00","dateModified":"2026-03-27T04:05:55+00:00","breadcrumb":{"@id":"https:\/\/www.pfu-asia.ricoh.com\/vn\/en\/grey-market-caution\/#breadcrumb"},"inLanguage":"vi-VN","potentialAction":[{"@type":"ReadAction","target":["https:\/\/www.pfu-asia.ricoh.com\/vn\/en\/grey-market-caution\/"]}]},{"@type":"ImageObject","inLanguage":"vi-VN","@id":"https:\/\/www.pfu-asia.ricoh.com\/vn\/en\/grey-market-caution\/#primaryimage","url":"https:\/\/www.pfu-asia.ricoh.com\/vn\/wp-content\/uploads\/2023\/06\/Ricoh-Feat-image-2-1.jpg","contentUrl":"https:\/\/www.pfu-asia.ricoh.com\/vn\/wp-content\/uploads\/2023\/06\/Ricoh-Feat-image-2-1.jpg","width":1200,"height":800},{"@type":"BreadcrumbList","@id":"https:\/\/www.pfu-asia.ricoh.com\/vn\/en\/grey-market-caution\/#breadcrumb","itemListElement":[{"@type":"ListItem","position":1,"name":"Home","item":"https:\/\/www.pfu-asia.ricoh.com\/vn\/"},{"@type":"ListItem","position":2,"name":"Grey Market Caution"}]},{"@type":"WebSite","@id":"https:\/\/www.pfu-asia.ricoh.com\/vn\/#website","url":"https:\/\/www.pfu-asia.ricoh.com\/vn\/","name":"RICOH Image Scanner","description":"Vietnam Site","potentialAction":[{"@type":"SearchAction","target":{"@type":"EntryPoint","urlTemplate":"https:\/\/www.pfu-asia.ricoh.com\/vn\/?s={search_term_string}"},"query-input":{"@type":"PropertyValueSpecification","valueRequired":true,"valueName":"search_term_string"}}],"inLanguage":"vi-VN"}]}},"_links":{"self":[{"href":"https:\/\/www.pfu-asia.ricoh.com\/vn\/wp-json\/wp\/v2\/pages\/283490","targetHints":{"allow":["GET"]}}],"collection":[{"href":"https:\/\/www.pfu-asia.ricoh.com\/vn\/wp-json\/wp\/v2\/pages"}],"about":[{"href":"https:\/\/www.pfu-asia.ricoh.com\/vn\/wp-json\/wp\/v2\/types\/page"}],"author":[{"embeddable":true,"href":"https:\/\/www.pfu-asia.ricoh.com\/vn\/wp-json\/wp\/v2\/users\/6"}],"replies":[{"embeddable":true,"href":"https:\/\/www.pfu-asia.ricoh.com\/vn\/wp-json\/wp\/v2\/comments?post=283490"}],"version-history":[{"count":0,"href":"https:\/\/www.pfu-asia.ricoh.com\/vn\/wp-json\/wp\/v2\/pages\/283490\/revisions"}],"wp:featuredmedia":[{"embeddable":true,"href":"https:\/\/www.pfu-asia.ricoh.com\/vn\/wp-json\/wp\/v2\/media\/282383"}],"wp:attachment":[{"href":"https:\/\/www.pfu-asia.ricoh.com\/vn\/wp-json\/wp\/v2\/media?parent=283490"}],"wp:term":[{"taxonomy":"difl_page_category","embeddable":true,"href":"https:\/\/www.pfu-asia.ricoh.com\/vn\/wp-json\/wp\/v2\/difl_page_category?post=283490"}],"curies":[{"name":"wp","href":"https:\/\/api.w.org\/{rel}","templated":true}]}}