{"id":282457,"date":"2023-05-16T04:16:47","date_gmt":"2023-05-15T21:16:47","guid":{"rendered":"https:\/\/pfu-asia.ricoh.com\/vn\/news-press-release\/"},"modified":"2024-08-23T09:44:54","modified_gmt":"2024-08-23T02:44:54","slug":"news-press-release","status":"publish","type":"page","link":"https:\/\/www.pfu-asia.ricoh.com\/vn\/news-press-release\/","title":{"rendered":"News &amp; Press Release"},"content":{"rendered":"<p>[et_pb_section fb_built=&#8221;1&#8243; _builder_version=&#8221;4.21.0&#8243; _module_preset=&#8221;default&#8221; background_color=&#8221;#6D6F71&#8243; custom_padding=&#8221;0px||0px||true|false&#8221; global_colors_info=&#8221;{}&#8221;][et_pb_row _builder_version=&#8221;4.20.4&#8243; _module_preset=&#8221;default&#8221; custom_padding=&#8221;15px||8px||false|false&#8221; global_colors_info=&#8221;{}&#8221;][et_pb_column type=&#8221;4_4&#8243; _builder_version=&#8221;4.20.2&#8243; _module_preset=&#8221;default&#8221; global_colors_info=&#8221;{}&#8221;][difl_breadcrumbs separator_text=&#8221;\/&#8221; separator_icon_color=&#8221;#ffffff&#8221; home_text=&#8221;Home&#8221; alignment=&#8221;left&#8221; breadcrumbs_padding=&#8221;10px|10px|10px|0px|false|false&#8221; _builder_version=&#8221;4.21.0&#8243; _module_preset=&#8221;default&#8221; pages_font_text_color=&#8221;#ffffff&#8221; pages_font_font_size=&#8221;15px&#8221; pages_font_line_height=&#8221;1.5em&#8221; home_font_font_size=&#8221;15px&#8221; home_font_line_height=&#8221;1.5em&#8221; separator_text_font_text_color=&#8221;#ffffff&#8221; custom_padding=&#8221;0px||0px||true|false&#8221; global_colors_info=&#8221;{}&#8221;][\/difl_breadcrumbs][\/et_pb_column][\/et_pb_row][\/et_pb_section][et_pb_section fb_built=&#8221;1&#8243; _builder_version=&#8221;4.21.0&#8243; _module_preset=&#8221;default&#8221; use_background_color_gradient=&#8221;on&#8221; background_color_gradient_stops=&#8221;rgba(0,0,0,0.6) 0%|rgba(0,0,0,0.6) 100%&#8221; background_color_gradient_overlays_image=&#8221;on&#8221; background_image=&#8221;https:\/\/www.pfu-asia.ricoh.com\/vn\/wp-content\/uploads\/2023\/05\/ricoh_left_FullyOpen_EN.jpg&#8221; background_position=&#8221;bottom_center&#8221; background_vertical_offset=&#8221;20%&#8221; global_colors_info=&#8221;{}&#8221;][et_pb_row column_structure=&#8221;1_2,1_2&#8243; _builder_version=&#8221;4.20.2&#8243; _module_preset=&#8221;default&#8221; custom_padding=&#8221;85px||85px||true|false&#8221; global_colors_info=&#8221;{}&#8221;][et_pb_column type=&#8221;1_2&#8243; _builder_version=&#8221;4.20.2&#8243; _module_preset=&#8221;default&#8221; global_colors_info=&#8221;{}&#8221;][et_pb_text _builder_version=&#8221;4.27.0&#8243; _module_preset=&#8221;default&#8221; text_font=&#8221;||||||||&#8221; text_text_color=&#8221;#ffffff&#8221; text_font_size=&#8221;20px&#8221; header_font=&#8221;|700|||||||&#8221; header_text_color=&#8221;#ffffff&#8221; header_font_size=&#8221;40px&#8221; header_line_height=&#8221;1.3em&#8221; header_2_text_color=&#8221;#ffffff&#8221; header_2_font_size=&#8221;40px&#8221; header_2_line_height=&#8221;1.3em&#8221; module_alignment=&#8221;center&#8221; hover_enabled=&#8221;0&#8243; header_font_size_tablet=&#8221;34px&#8221; header_font_size_phone=&#8221;30px&#8221; header_font_size_last_edited=&#8221;on|desktop&#8221; header_2_text_shadow_style=&#8221;preset1&#8243; global_colors_info=&#8221;{}&#8221; sticky_enabled=&#8221;0&#8243;]<\/p>\n<h2 class=\"et_pb_slide_title\">Tin t\u1ee9c &amp; Th\u00f4ng c\u00e1o b\u00e1o ch\u00ed<\/h2>\n<p>C\u1eadp nh\u1eadt tin t\u1ee9c v\u00e0 th\u00f4ng c\u00e1o b\u00e1o ch\u00ed m\u1edbi nh\u1ea5t. Kh\u00e1m ph\u00e1 c\u00e1c s\u1ea3n ph\u1ea9m, d\u1ecbch v\u1ee5 \u0111\u1ed5i m\u1edbi v\u00e0 c\u00e1c c\u1eadp nh\u1eadt v\u1ec1 c\u00f4ng ty khi ch\u00fang t\u00f4i ti\u1ebfp t\u1ee5c ph\u00e1t tri\u1ec3n trong ng\u00e0nh c\u00f4ng nghi\u1ec7p c\u1ee7a m\u00ecnh.<\/p>\n<p>[\/et_pb_text][\/et_pb_column][et_pb_column type=&#8221;1_2&#8243; _builder_version=&#8221;4.20.2&#8243; _module_preset=&#8221;default&#8221; global_colors_info=&#8221;{}&#8221;][\/et_pb_column][\/et_pb_row][\/et_pb_section][et_pb_section fb_built=&#8221;1&#8243; _builder_version=&#8221;4.20.4&#8243; _module_preset=&#8221;default&#8221; custom_padding=&#8221;30px||4px||false|false&#8221; global_colors_info=&#8221;{}&#8221;][et_pb_row _builder_version=&#8221;4.21.0&#8243; _module_preset=&#8221;default&#8221; custom_padding=&#8221;||||false|false&#8221; global_colors_info=&#8221;{}&#8221;][et_pb_column type=&#8221;4_4&#8243; _builder_version=&#8221;4.21.0&#8243; _module_preset=&#8221;default&#8221; global_colors_info=&#8221;{}&#8221;][et_pb_blog include_categories=&#8221;71,103,104&#8243; show_thumbnail=&#8221;off&#8221; excerpt_length=&#8221;250&#8243; show_more=&#8221;on&#8221; show_author=&#8221;off&#8221; show_excerpt=&#8221;off&#8221; _builder_version=&#8221;4.22.1&#8243; _module_preset=&#8221;default&#8221; pagination_text_color=&#8221;#DA1E49&#8243; pagination_font_size=&#8221;15px&#8221; link_option_url_new_window=&#8221;on&#8221; global_colors_info=&#8221;{}&#8221;][\/et_pb_blog][\/et_pb_column][\/et_pb_row][\/et_pb_section]<\/p>\n","protected":false},"excerpt":{"rendered":"<p>Stay up-to-date with the latest news and press releases. Discover our innovative products, services, and company updates as we continue to make strides in our industry.<\/p>\n","protected":false},"author":4,"featured_media":282383,"parent":0,"menu_order":0,"comment_status":"closed","ping_status":"closed","template":"","meta":{"_et_pb_use_builder":"on","_et_pb_old_content":"","_et_gb_content_width":"","footnotes":"","_links_to":"","_links_to_target":""},"difl_page_category":[],"class_list":["post-282457","page","type-page","status-publish","has-post-thumbnail","hentry"],"yoast_head":"<!-- This site is optimized with the Yoast SEO plugin v27.4 - https:\/\/yoast.com\/product\/yoast-seo-wordpress\/ -->\n<title>News &amp; Press Release - RICOH Image Scanner<\/title>\n<meta name=\"robots\" content=\"index, follow, max-snippet:-1, max-image-preview:large, max-video-preview:-1\" \/>\n<link rel=\"canonical\" href=\"https:\/\/www.pfu-asia.ricoh.com\/vn\/news-press-release\/\" \/>\n<meta property=\"og:locale\" content=\"vi_VN\" \/>\n<meta property=\"og:type\" content=\"article\" \/>\n<meta property=\"og:title\" content=\"News &amp; Press Release - RICOH Image Scanner\" \/>\n<meta property=\"og:description\" content=\"Stay up-to-date with the latest news and press releases. Discover our innovative products, services, and company updates as we continue to make strides in our industry.\" \/>\n<meta property=\"og:url\" content=\"https:\/\/www.pfu-asia.ricoh.com\/vn\/news-press-release\/\" \/>\n<meta property=\"og:site_name\" content=\"RICOH Image Scanner\" \/>\n<meta property=\"article:modified_time\" content=\"2024-08-23T02:44:54+00:00\" \/>\n<meta property=\"og:image\" content=\"https:\/\/www.pfu-asia.ricoh.com\/vn\/wp-content\/uploads\/2023\/06\/Ricoh-Feat-image-2-1.jpg\" \/>\n\t<meta property=\"og:image:width\" content=\"1200\" \/>\n\t<meta property=\"og:image:height\" content=\"800\" \/>\n\t<meta property=\"og:image:type\" content=\"image\/jpeg\" \/>\n<meta name=\"twitter:card\" content=\"summary_large_image\" \/>\n<meta name=\"twitter:label1\" content=\"Est. reading time\" \/>\n\t<meta name=\"twitter:data1\" content=\"2 minutes\" \/>\n<script type=\"application\/ld+json\" class=\"yoast-schema-graph\">{\"@context\":\"https:\\\/\\\/schema.org\",\"@graph\":[{\"@type\":\"WebPage\",\"@id\":\"https:\\\/\\\/www.pfu-asia.ricoh.com\\\/vn\\\/news-press-release\\\/\",\"url\":\"https:\\\/\\\/www.pfu-asia.ricoh.com\\\/vn\\\/news-press-release\\\/\",\"name\":\"News &amp; Press Release - RICOH Image Scanner\",\"isPartOf\":{\"@id\":\"https:\\\/\\\/www.pfu-asia.ricoh.com\\\/vn\\\/#website\"},\"primaryImageOfPage\":{\"@id\":\"https:\\\/\\\/www.pfu-asia.ricoh.com\\\/vn\\\/news-press-release\\\/#primaryimage\"},\"image\":{\"@id\":\"https:\\\/\\\/www.pfu-asia.ricoh.com\\\/vn\\\/news-press-release\\\/#primaryimage\"},\"thumbnailUrl\":\"https:\\\/\\\/www.pfu-asia.ricoh.com\\\/vn\\\/wp-content\\\/uploads\\\/2023\\\/06\\\/Ricoh-Feat-image-2-1.jpg\",\"datePublished\":\"2023-05-15T21:16:47+00:00\",\"dateModified\":\"2024-08-23T02:44:54+00:00\",\"breadcrumb\":{\"@id\":\"https:\\\/\\\/www.pfu-asia.ricoh.com\\\/vn\\\/news-press-release\\\/#breadcrumb\"},\"inLanguage\":\"vi-VN\",\"potentialAction\":[{\"@type\":\"ReadAction\",\"target\":[\"https:\\\/\\\/www.pfu-asia.ricoh.com\\\/vn\\\/news-press-release\\\/\"]}]},{\"@type\":\"ImageObject\",\"inLanguage\":\"vi-VN\",\"@id\":\"https:\\\/\\\/www.pfu-asia.ricoh.com\\\/vn\\\/news-press-release\\\/#primaryimage\",\"url\":\"https:\\\/\\\/www.pfu-asia.ricoh.com\\\/vn\\\/wp-content\\\/uploads\\\/2023\\\/06\\\/Ricoh-Feat-image-2-1.jpg\",\"contentUrl\":\"https:\\\/\\\/www.pfu-asia.ricoh.com\\\/vn\\\/wp-content\\\/uploads\\\/2023\\\/06\\\/Ricoh-Feat-image-2-1.jpg\",\"width\":1200,\"height\":800},{\"@type\":\"BreadcrumbList\",\"@id\":\"https:\\\/\\\/www.pfu-asia.ricoh.com\\\/vn\\\/news-press-release\\\/#breadcrumb\",\"itemListElement\":[{\"@type\":\"ListItem\",\"position\":1,\"name\":\"Home\",\"item\":\"https:\\\/\\\/www.pfu-asia.ricoh.com\\\/vn\\\/\"},{\"@type\":\"ListItem\",\"position\":2,\"name\":\"News &amp; Press Release\"}]},{\"@type\":\"WebSite\",\"@id\":\"https:\\\/\\\/www.pfu-asia.ricoh.com\\\/vn\\\/#website\",\"url\":\"https:\\\/\\\/www.pfu-asia.ricoh.com\\\/vn\\\/\",\"name\":\"RICOH Image Scanner\",\"description\":\"Vietnam Site\",\"potentialAction\":[{\"@type\":\"SearchAction\",\"target\":{\"@type\":\"EntryPoint\",\"urlTemplate\":\"https:\\\/\\\/www.pfu-asia.ricoh.com\\\/vn\\\/?s={search_term_string}\"},\"query-input\":{\"@type\":\"PropertyValueSpecification\",\"valueRequired\":true,\"valueName\":\"search_term_string\"}}],\"inLanguage\":\"vi-VN\"}]}<\/script>\n<!-- \/ Yoast SEO plugin. -->","yoast_head_json":{"title":"News &amp; Press Release - RICOH Image Scanner","robots":{"index":"index","follow":"follow","max-snippet":"max-snippet:-1","max-image-preview":"max-image-preview:large","max-video-preview":"max-video-preview:-1"},"canonical":"https:\/\/www.pfu-asia.ricoh.com\/vn\/news-press-release\/","og_locale":"vi_VN","og_type":"article","og_title":"News &amp; Press Release - RICOH Image Scanner","og_description":"Stay up-to-date with the latest news and press releases. Discover our innovative products, services, and company updates as we continue to make strides in our industry.","og_url":"https:\/\/www.pfu-asia.ricoh.com\/vn\/news-press-release\/","og_site_name":"RICOH Image Scanner","article_modified_time":"2024-08-23T02:44:54+00:00","og_image":[{"width":1200,"height":800,"url":"https:\/\/www.pfu-asia.ricoh.com\/vn\/wp-content\/uploads\/2023\/06\/Ricoh-Feat-image-2-1.jpg","type":"image\/jpeg"}],"twitter_card":"summary_large_image","twitter_misc":{"Est. reading time":"2 minutes"},"schema":{"@context":"https:\/\/schema.org","@graph":[{"@type":"WebPage","@id":"https:\/\/www.pfu-asia.ricoh.com\/vn\/news-press-release\/","url":"https:\/\/www.pfu-asia.ricoh.com\/vn\/news-press-release\/","name":"News &amp; Press Release - RICOH Image Scanner","isPartOf":{"@id":"https:\/\/www.pfu-asia.ricoh.com\/vn\/#website"},"primaryImageOfPage":{"@id":"https:\/\/www.pfu-asia.ricoh.com\/vn\/news-press-release\/#primaryimage"},"image":{"@id":"https:\/\/www.pfu-asia.ricoh.com\/vn\/news-press-release\/#primaryimage"},"thumbnailUrl":"https:\/\/www.pfu-asia.ricoh.com\/vn\/wp-content\/uploads\/2023\/06\/Ricoh-Feat-image-2-1.jpg","datePublished":"2023-05-15T21:16:47+00:00","dateModified":"2024-08-23T02:44:54+00:00","breadcrumb":{"@id":"https:\/\/www.pfu-asia.ricoh.com\/vn\/news-press-release\/#breadcrumb"},"inLanguage":"vi-VN","potentialAction":[{"@type":"ReadAction","target":["https:\/\/www.pfu-asia.ricoh.com\/vn\/news-press-release\/"]}]},{"@type":"ImageObject","inLanguage":"vi-VN","@id":"https:\/\/www.pfu-asia.ricoh.com\/vn\/news-press-release\/#primaryimage","url":"https:\/\/www.pfu-asia.ricoh.com\/vn\/wp-content\/uploads\/2023\/06\/Ricoh-Feat-image-2-1.jpg","contentUrl":"https:\/\/www.pfu-asia.ricoh.com\/vn\/wp-content\/uploads\/2023\/06\/Ricoh-Feat-image-2-1.jpg","width":1200,"height":800},{"@type":"BreadcrumbList","@id":"https:\/\/www.pfu-asia.ricoh.com\/vn\/news-press-release\/#breadcrumb","itemListElement":[{"@type":"ListItem","position":1,"name":"Home","item":"https:\/\/www.pfu-asia.ricoh.com\/vn\/"},{"@type":"ListItem","position":2,"name":"News &amp; Press Release"}]},{"@type":"WebSite","@id":"https:\/\/www.pfu-asia.ricoh.com\/vn\/#website","url":"https:\/\/www.pfu-asia.ricoh.com\/vn\/","name":"RICOH Image Scanner","description":"Vietnam Site","potentialAction":[{"@type":"SearchAction","target":{"@type":"EntryPoint","urlTemplate":"https:\/\/www.pfu-asia.ricoh.com\/vn\/?s={search_term_string}"},"query-input":{"@type":"PropertyValueSpecification","valueRequired":true,"valueName":"search_term_string"}}],"inLanguage":"vi-VN"}]}},"_links":{"self":[{"href":"https:\/\/www.pfu-asia.ricoh.com\/vn\/wp-json\/wp\/v2\/pages\/282457","targetHints":{"allow":["GET"]}}],"collection":[{"href":"https:\/\/www.pfu-asia.ricoh.com\/vn\/wp-json\/wp\/v2\/pages"}],"about":[{"href":"https:\/\/www.pfu-asia.ricoh.com\/vn\/wp-json\/wp\/v2\/types\/page"}],"author":[{"embeddable":true,"href":"https:\/\/www.pfu-asia.ricoh.com\/vn\/wp-json\/wp\/v2\/users\/4"}],"replies":[{"embeddable":true,"href":"https:\/\/www.pfu-asia.ricoh.com\/vn\/wp-json\/wp\/v2\/comments?post=282457"}],"version-history":[{"count":0,"href":"https:\/\/www.pfu-asia.ricoh.com\/vn\/wp-json\/wp\/v2\/pages\/282457\/revisions"}],"wp:featuredmedia":[{"embeddable":true,"href":"https:\/\/www.pfu-asia.ricoh.com\/vn\/wp-json\/wp\/v2\/media\/282383"}],"wp:attachment":[{"href":"https:\/\/www.pfu-asia.ricoh.com\/vn\/wp-json\/wp\/v2\/media?parent=282457"}],"wp:term":[{"taxonomy":"difl_page_category","embeddable":true,"href":"https:\/\/www.pfu-asia.ricoh.com\/vn\/wp-json\/wp\/v2\/difl_page_category?post=282457"}],"curies":[{"name":"wp","href":"https:\/\/api.w.org\/{rel}","templated":true}]}}